{"id":232,"date":"2020-06-06T18:49:05","date_gmt":"2020-06-06T18:49:05","guid":{"rendered":"https:\/\/webredox.net\/demo\/wp\/restabook\/light\/parallax-image-copy\/"},"modified":"2025-09-15T18:10:19","modified_gmt":"2025-09-15T18:10:19","slug":"revolution-slider","status":"publish","type":"page","link":"https:\/\/www.riversidebramsche.de\/","title":{"rendered":"Riverside Home"},"content":{"rendered":"<div class=\"wpb-content-wrapper\">[vc_row section_id=&#8221;sec2&#8243; section_padding=&#8221;big-padding&#8221; sec_animation_opt=&#8221;st2&#8243;][vc_column width=&#8221;1\/2&#8243;][wr_vc_title big_title=&#8221;Willkommen im Riverside-Bramsche&#8221; sub_title=&#8221;Hallo, du!&#8221;][wr_vc_textblock button_text=&#8221;Zur Speisekarte&#8221; button_url=&#8221;http:\/\/webredox.net\/demo\/wp\/restabook\/light\/menu\/&#8221;]Unser Motto: Behandle Dein Gegen\u00fcber so, wie Du selbst auch behandelt werden willst.<br \/>\nDaher bekommst Du bei uns frische Gerichte mit einer guten Qualit\u00e4t. Hausgemacht und mit Liebe zum Genuss kreiert.<br \/>\nWir m\u00f6gen es anders und ausgefallen. Darum sind unsere Pizzen eckig und die Zutaten au\u00dfergew\u00f6hnlich. Bei uns kannst Du in einem gem\u00fctlichen Ambiente mit pers\u00f6nlicher Note Deine Gerichte genie\u00dfen.[\/wr_vc_textblock][\/vc_column][vc_column width=&#8221;1\/2&#8243;]<div class=\"image-collge-wrap fl-wrap rs-no-img-margin\"><div class=\"main-iamge\">\n                  <img decoding=\"async\" src=\"https:\/\/www.riversidebramsche.de\/wp-content\/uploads\/2024\/08\/45713006_687203351660653_8695064679757643776_o-1024x684-1.jpg\"   alt=\"45713006_687203351660653_8695064679757643776_o-1024&#215;684\">\n                  <\/div><div class=\"images-collage-item\" style=\"width:65%\" data-position-left=\"68\" data-position-top=\"-15\" data-zindex=\"2\" data-opacity=\"1.0\"><img decoding=\"async\" src=\"https:\/\/www.riversidebramsche.de\/wp-content\/uploads\/2024\/08\/29433225_543612986019691_3067005011855671296_n.jpg\" alt=\"29433225_543612986019691_3067005011855671296_n\"><\/div><div class=\"images-collage-item col_par\" style=\"width:120px\" data-position-left=\"-23\" data-position-top=\"-17\" data-zindex=\"9\" data-scrollax=\"properties: { translateY: '150px' }\"><img decoding=\"async\" src=\"https:\/\/www.riversidebramsche.de\/wp-content\/themes\/restabook\/includes\/images\/cube.png\" alt=\"\"><\/div><\/div>[\/vc_column][\/vc_row][vc_row row_type=&#8221;sec3&#8243;][vc_column][vc_separator css=&#8221;&#8221;][\/vc_column][vc_column][vc_raw_html css=&#8221;&#8221;]JTNDZGl2JTIwc3R5bGUlM0QlMjJkaXNwbGF5JTNBJTIwZmxleCUzQiUyMGp1c3RpZnktY29udGVudCUzQSUyMGNlbnRlciUzQiUyMGdhcCUzQSUyMDIwcHglM0IlMjBmbGV4LXdyYXAlM0ElMjB3cmFwJTNCJTIwdGV4dC1hbGlnbiUzQSUyMGNlbnRlciUzQiUyMiUzRSUwQSUyMCUyMCUwQSUyMCUyMCUzQyUyMS0tJTIwTGlua2UlMjBCb3glM0ElMjBSZXNlcnZpZXJ1bmdzc3lzdGVtJTIwLS0lM0UlMEElMjAlMjAlM0NkaXYlMjBzdHlsZSUzRCUyMndpZHRoJTNBJTIwNTUwcHglM0IlMjBoZWlnaHQlM0ElMjA1NTBweCUzQiUyMGZsZXglM0ElMjAxJTIwMSUyMDU1MHB4JTNCJTIwbWF4LXdpZHRoJTNBJTIwNTUwcHglM0IlMjIlM0UlMEElMjAlMjAlMjAlMjAlM0NzY3JpcHQlMjB0eXBlJTNEJTIydGV4dCUyRmphdmFzY3JpcHQlMjIlMjBzcmMlM0QlMjJodHRwcyUzQSUyRiUyRnNlcnZpY2VzLmdhc3Ryb25vdmkuY29tJTJGcmVzdGF1cmFudHMlMkYxMTY3NDklMkZzY3JpcHRzJTJGcmVzZXJ2YXRpb24lMkZlbnRyeSUyRnJlc2VydmF0aW9uJTNGd2lkdGglM0Q1NTAlMjZoZWlnaHQlM0Q1NTAlMjIlMjBhc3luYyUzRSUzQyUyRnNjcmlwdCUzRSUwQSUyMCUyMCUzQyUyRmRpdiUzRSUwQSUwQSUyMCUyMCUzQyUyMS0tJTIwUmVjaHRlJTIwQm94JTNBJTIwQmlsZCUyMC0tJTNFJTBBJTIwJTIwJTNDZGl2JTIwc3R5bGUlM0QlMjJ3aWR0aCUzQSUyMDU1MHB4JTNCJTIwaGVpZ2h0JTNBJTIwNTUwcHglM0IlMjBmbGV4JTNBJTIwMSUyMDElMjA1NTBweCUzQiUyMG1heC13aWR0aCUzQSUyMDU1MHB4JTNCJTIyJTNFJTBBJTIwJTIwJTIwJTIwJTNDaW1nJTIwc3JjJTNEJTIyaHR0cHMlM0ElMkYlMkZ3d3cucml2ZXJzaWRlYnJhbXNjaGUuZGUlMkZ3cC1jb250ZW50JTJGdXBsb2FkcyUyRjIwMjUlMkYwOCUyRlNjaHdhcnotV2Vpc3MtR29sZC1Qcm9mZXNzaW9uZWxsLUVsZWdhbnQtT2VmZm51bmdzemVpdGVuLVdlaWhuYWNodGVuLUZpdG5lc3MtSW5zdGFncmFtLUJlaXRyYWctMS5wbmclMjIlMjAlMEElMjAlMjAlMjAlMjAlMjAlMjAlMjAlMjAlMjBhbHQlM0QlMjJCaWxkJTIwbmViZW4lMjBSZXNlcnZpZXJ1bmclMjIlMjAlMEElMjAlMjAlMjAlMjAlMjAlMjAlMjAlMjAlMjBzdHlsZSUzRCUyMndpZHRoJTNBJTIwMTAwJTI1JTNCJTIwaGVpZ2h0JTNBJTIwMTAwJTI1JTNCJTIwb2JqZWN0LWZpdCUzQSUyMGNvdmVyJTNCJTIyJTJGJTNFJTBBJTIwJTIwJTNDJTJGZGl2JTNFJTBBJTBBJTNDJTJGZGl2JTNF[\/vc_raw_html][\/vc_column][\/vc_row][vc_row sec_back_effect_opt=&#8221;st2&#8243;][vc_column][vc_row_inner][vc_column_inner][wr_vc_title big_title=&#8221;Was Sie im Riverside erwartet&#8221; sub_title=&#8221;Unser Versprechen&#8221; text_align=&#8221;text-align_center&#8221;][\/vc_column_inner][\/vc_row_inner][vc_row_inner][vc_column_inner][wr_vc_servicces][wr_vc_servicce title=&#8221;Top Qualit\u00e4t&#8221; sub_title=&#8221;T\u00e4glich frische K\u00fcche&#8221; number=&#8221;01&#8243; icon_class=&#8221;fal fa-fish&#8221; image=&#8221;797&#8243;]Frische Zutaten von regionalen Partnern und handwerkliche Zubereitung. Weil unsere G\u00e4ste nur das Beste verdienen.[\/wr_vc_servicce][wr_vc_servicce title=&#8221;Bester Service&#8221; sub_title=&#8221;Wir sind f\u00fcr Sie da&#8221; number=&#8221;02&#8243; icon_class=&#8221;fal fa-carrot&#8221; image=&#8221;34&#8243;]Unser freundliches und aufmerksames Personal sorgt daf\u00fcr, dass sich jeder rundum wohlf\u00fchlt.[\/wr_vc_servicce][wr_vc_servicce title=&#8221;Bestes Ambiente&#8221; sub_title=&#8221;F\u00fchlen Sie sich wie zuhause&#8221; number=&#8221;03&#8243; icon_class=&#8221;fal fa-utensils-alt&#8221; image=&#8221;798&#8243;]Gem\u00fctliches Ambiente und stilvolles Design schafft Wohlf\u00fchlatmosph\u00e4re f\u00fcr jeden Anlass.[\/wr_vc_servicce][\/wr_vc_servicces][wr_vc_button button_style=&#8221;st2&#8243; button_text=&#8221;Read More About us&#8221; button_url=&#8221;http:\/\/webredox.net\/demo\/wp\/restabook\/light\/about\/&#8221;][\/vc_column_inner][\/vc_row_inner][\/vc_column][\/vc_row][vc_row row_type=&#8221;sec2&#8243; sec_parallax_image=&#8221;733&#8243; sec_prallax_overlay=&#8221;op7&#8243; sec_brush_effect=&#8221;st4&#8243;][vc_column][wr_vc_title big_title=&#8221;Enjoy Restaurants Specialties&#8221; sub_title=&#8221;Special menu offers.&#8221; text_align=&#8221;text-align_center&#8221;]<div class=\"hero-menu tabs-act fl-wrap woocommerce menu-tab-short\"><div class=\"row\"><div class=\"col-md-3\"><div class=\"hero-menu_header fl-wrap\"><ul class=\"tabs-menu no-list-style change_bg \"><li class=\"re-cat-37 current\"><a href=\"#tab-37\" data-bgtab=\"https:\/\/www.riversidebramsche.de\/wp-content\/uploads\/2025\/08\/IMG_8483-2-scaled.jpg\"><span>01.<\/span>Starter<\/a><\/li><li class=\"re-cat-33 \"><a href=\"#tab-33\" data-bgtab=\"https:\/\/www.riversidebramsche.de\/wp-content\/uploads\/2025\/08\/IMG_8483-2-scaled.jpg\"><span>02.<\/span>Salate<\/a><\/li><li class=\"re-cat-36 \"><a href=\"#tab-36\" data-bgtab=\"https:\/\/www.riversidebramsche.de\/wp-content\/uploads\/2025\/08\/IMG_8483-2-scaled.jpg\"><span>03.<\/span>Pasta<\/a><\/li><li class=\"re-cat-31 \"><a href=\"#tab-31\" data-bgtab=\"https:\/\/www.riversidebramsche.de\/wp-content\/uploads\/2025\/08\/IMG_8483-2-scaled.jpg\"><span>04.<\/span>Aus dem Ofen<\/a><\/li><li class=\"re-cat-43 \"><a href=\"#tab-43\" data-bgtab=\"https:\/\/www.riversidebramsche.de\/wp-content\/uploads\/2025\/08\/IMG_8483-2-scaled.jpg\"><span>05.<\/span>Pizza<\/a><\/li><\/ul><\/div><\/div><div class=\"col-md-9\"><div class=\"hero-menu_content vc-tab-st-no-pad fl-wrap\"><div class=\"tabs-container\"><div class=\"tab\"><div id=\"tab-37\" class=\"tab-content first-tab-1\"><div class=\"hero-menu-item starter\"><div class=\"hero-menu-item-title fl-wrap\"><h6><a href=\"https:\/\/www.riversidebramsche.de\/?product=eine-portion-extra-dip\"><span>01.<\/span>Eine Portion extra Dip<\/a><\/h6><div class=\"hmi-dec\"><\/div><span class=\"hero-menu-item-price\"><span class=\"woocommerce-Price-amount amount\"><bdi>3,90&nbsp;<span class=\"woocommerce-Price-currencySymbol\">&euro;<\/span><\/bdi><\/span><\/span><\/div><div class=\"hero-menu-item-details\"><p>Eine extra Portion \r\n- Knoblauchdip(vegan),\r\n- Chili-K\u00e4se-Dip,\r\n- Curry-Dattel Dip\r\n- Kr\u00e4uterbutter\r\nNat\u00fcrlich alles hausgemacht!<\/p><\/div><\/div><div class=\"hero-menu-item starter\"><div class=\"hero-menu-item-title fl-wrap\"><h6><a href=\"https:\/\/www.riversidebramsche.de\/?product=brotzeit\"><span>02.<\/span>Brotzeit<\/a><\/h6><div class=\"hmi-dec\"><\/div><span class=\"hero-menu-item-price\"><span class=\"woocommerce-Price-amount amount\"><bdi>5,60&nbsp;<span class=\"woocommerce-Price-currencySymbol\">&euro;<\/span><\/bdi><\/span><\/span><\/div><div class=\"hero-menu-item-details\"><p>Extra Portion Brot \r\nWahlweise mit:\r\n- Knoblauchdip(vegan),\r\n- Chili-K\u00e4se-Dip,\r\n- Curry-Dattel Dip\r\n- hausgemachte Kr\u00e4uterbutter<\/p><\/div><\/div><div class=\"hero-menu-item starter\"><div class=\"hero-menu-item-title fl-wrap\"><h6><a href=\"https:\/\/www.riversidebramsche.de\/?product=tortillachips-mit-dip-nach-wahl\"><span>03.<\/span>Tortillachips mit Dip nach Wahl<\/a><\/h6><div class=\"hmi-dec\"><\/div><span class=\"hero-menu-item-price\"><span class=\"woocommerce-Price-amount amount\"><bdi>6,90&nbsp;<span class=\"woocommerce-Price-currencySymbol\">&euro;<\/span><\/bdi><\/span><\/span><\/div><div class=\"hero-menu-item-details\"><p>Wahlweise mit: \r\n- Knoblauchdip(vegan),\r\n- Chili-K\u00e4se-Dip  \r\n- Curry-Dattel Dip<\/p><\/div><\/div><div class=\"hero-menu-item starter\"><div class=\"hero-menu-item-title fl-wrap\"><h6><a href=\"https:\/\/www.riversidebramsche.de\/?product=stueblinge-knoblauch-pilze-vegan\"><span>04.<\/span>St\u00fcblinge Knoblauch-Pilze (vegan)<\/a><\/h6><div class=\"hmi-dec\"><\/div><span class=\"hero-menu-item-price\"><span class=\"woocommerce-Price-amount amount\"><bdi>7,90&nbsp;<span class=\"woocommerce-Price-currencySymbol\">&euro;<\/span><\/bdi><\/span><\/span><\/div><div class=\"hero-menu-item-details\"><p>Pizzabr\u00f6tchen mit Knoblauchdip und Champignons gef\u00fcllt<\/p><\/div><\/div><\/div><div id=\"tab-33\" class=\"tab-content first-tab-2\"><div class=\"hero-menu-item main-dishes\"><div class=\"hero-menu-item-title fl-wrap\"><h6><a href=\"https:\/\/www.riversidebramsche.de\/?product=unsere-hausgemachten-dressings\"><span>01.<\/span>Unsere hausgemachten Dressings<\/a><\/h6><div class=\"hmi-dec\"><\/div><span class=\"hero-menu-item-price\"><span class=\"woocommerce-Price-amount amount\"><bdi>0,00&nbsp;<span class=\"woocommerce-Price-currencySymbol\">&euro;<\/span><\/bdi><\/span><\/span><\/div><div class=\"hero-menu-item-details\"><p>- Vinaigrette\r\n- Honig Senf\r\n- Sesamdressing (+0,50\u20ac) <\/p><\/div><\/div><div class=\"hero-menu-item main-dishes\"><div class=\"hero-menu-item-title fl-wrap\"><h6><a href=\"https:\/\/www.riversidebramsche.de\/?product=bauernsalat\"><span>02.<\/span>Bauernsalat<\/a><\/h6><div class=\"hmi-dec\"><\/div><span class=\"hero-menu-item-price\"><span class=\"woocommerce-Price-amount amount\"><bdi>15,50&nbsp;<span class=\"woocommerce-Price-currencySymbol\">&euro;<\/span><\/bdi><\/span><\/span><\/div><div class=\"hero-menu-item-details\"><p>Gro\u00dfer gemischter Salat mit Oliven,Schafsk\u00e4se,\r\nPaprika und Peperoni<\/p><\/div><\/div><div class=\"hero-menu-item main-dishes\"><div class=\"hero-menu-item-title fl-wrap\"><h6><a href=\"https:\/\/www.riversidebramsche.de\/?product=thunfisch-salat\"><span>03.<\/span>Thunfisch Salat<\/a><\/h6><div class=\"hmi-dec\"><\/div><span class=\"hero-menu-item-price\"><span class=\"woocommerce-Price-amount amount\"><bdi>14,80&nbsp;<span class=\"woocommerce-Price-currencySymbol\">&euro;<\/span><\/bdi><\/span><\/span><\/div><div class=\"hero-menu-item-details\"><p>Gro\u00dfer gemischter Salat\r\nmit Thunfisch &amp; Ei<\/p><\/div><\/div><div class=\"hero-menu-item main-dishes\"><div class=\"hero-menu-item-title fl-wrap\"><h6><a href=\"https:\/\/www.riversidebramsche.de\/?product=beilagensalat\"><span>04.<\/span>Falscher C\u00e4sar<\/a><\/h6><div class=\"hmi-dec\"><\/div><span class=\"hero-menu-item-price\"><span class=\"woocommerce-Price-amount amount\"><bdi>14,50&nbsp;<span class=\"woocommerce-Price-currencySymbol\">&euro;<\/span><\/bdi><\/span><\/span><\/div><div class=\"hero-menu-item-details\"><p>Romanasalat, H\u00e4hnchenbrustfilet, Kirschtomaten, \r\nGrana Pardano, Cro\u00fbtons, <\/p><\/div><\/div><\/div><div id=\"tab-36\" class=\"tab-content first-tab-3\"><div class=\"hero-menu-item sea-food\"><div class=\"hero-menu-item-title fl-wrap\"><h6><a href=\"https:\/\/www.riversidebramsche.de\/?product=rote-schnute-fuer-unsere-kleinen-gaeste\"><span>01.<\/span>Rote Schnute ( F\u00fcr unsere kleinen G\u00e4ste)<\/a><\/h6><div class=\"hmi-dec\"><\/div><span class=\"hero-menu-item-price\"><span class=\"woocommerce-Price-amount amount\"><bdi>6,80&nbsp;<span class=\"woocommerce-Price-currencySymbol\">&euro;<\/span><\/bdi><\/span><\/span><\/div><div class=\"hero-menu-item-details\"><p>Kleiner Teller Rigatoni mit Tomatenso\u00dfe<\/p><\/div><\/div><div class=\"hero-menu-item sea-food\"><div class=\"hero-menu-item-title fl-wrap\"><h6><a href=\"https:\/\/www.riversidebramsche.de\/?product=butterfahrt-fuer-unsere-kleinen-gaeste\"><span>02.<\/span>Butterfahrt (f\u00fcr unsere kleinen G\u00e4ste)<\/a><\/h6><div class=\"hmi-dec\"><\/div><span class=\"hero-menu-item-price\"><span class=\"woocommerce-Price-amount amount\"><bdi>5,20&nbsp;<span class=\"woocommerce-Price-currencySymbol\">&euro;<\/span><\/bdi><\/span><\/span><\/div><div class=\"hero-menu-item-details\"><p>Kleiner Teller Rigatoni in Butter geschwenkt\r\n<\/p><\/div><\/div><div class=\"hero-menu-item sea-food\"><div class=\"hero-menu-item-title fl-wrap\"><h6><a href=\"https:\/\/www.riversidebramsche.de\/?product=auf-wunsch-grana-padano-extra\"><span>03.<\/span>Auf Wunsch Grana Padano Extra<\/a><\/h6><div class=\"hmi-dec\"><\/div><span class=\"hero-menu-item-price\"><span class=\"woocommerce-Price-amount amount\"><bdi>1,50&nbsp;<span class=\"woocommerce-Price-currencySymbol\">&euro;<\/span><\/bdi><\/span><\/span><\/div><div class=\"hero-menu-item-details\"><p>veganer Parmesan ( +1,80\u20ac) <\/p><\/div><\/div><div class=\"hero-menu-item sea-food\"><div class=\"hero-menu-item-title fl-wrap\"><h6><a href=\"https:\/\/www.riversidebramsche.de\/?product=lachsgenuss\"><span>04.<\/span>Lachsgenuss<\/a><\/h6><div class=\"hmi-dec\"><\/div><span class=\"hero-menu-item-price\"><span class=\"woocommerce-Price-amount amount\"><bdi>17,10&nbsp;<span class=\"woocommerce-Price-currencySymbol\">&euro;<\/span><\/bdi><\/span><\/span><\/div><div class=\"hero-menu-item-details\"><p>Linguine mit R\u00e4ucherlachs,\r\nin Creme Fraiche geschwenkt<\/p><\/div><\/div><\/div><div id=\"tab-31\" class=\"tab-content first-tab-4\"><div class=\"hero-menu-item drinks\"><div class=\"hero-menu-item-title fl-wrap\"><h6><a href=\"https:\/\/www.riversidebramsche.de\/?product=ofenschnute\"><span>01.<\/span>Ofenschnute<\/a><\/h6><div class=\"hmi-dec\"><\/div><span class=\"hero-menu-item-price\"><span class=\"woocommerce-Price-amount amount\"><bdi>11,20&nbsp;<span class=\"woocommerce-Price-currencySymbol\">&euro;<\/span><\/bdi><\/span><\/span><\/div><div class=\"hero-menu-item-details\"><p>Rigatoni in Tomatenso\u00dfe mit K\u00e4se \u00fcberbacken<\/p><\/div><\/div><div class=\"hero-menu-item drinks\"><div class=\"hero-menu-item-title fl-wrap\"><h6><a href=\"https:\/\/www.riversidebramsche.de\/?product=farmer-pfanne\"><span>02.<\/span>Farmer Pfanne<\/a><\/h6><div class=\"hmi-dec\"><\/div><span class=\"hero-menu-item-price\"><span class=\"woocommerce-Price-amount amount\"><bdi>12,20&nbsp;<span class=\"woocommerce-Price-currencySymbol\">&euro;<\/span><\/bdi><\/span><\/span><\/div><div class=\"hero-menu-item-details\"><p>Kartoffeln und Gem\u00fcsemix in Tomatenso\u00dfe mit K\u00e4se \u00fcberbacken\r\n(Wahlweise mit Rinderhackfleisch +3\u20ac)<\/p><\/div><\/div><\/div><div id=\"tab-43\" class=\"tab-content first-tab-5\"><div class=\"hero-menu-item pizza\"><div class=\"hero-menu-item-title fl-wrap\"><h6><a href=\"https:\/\/www.riversidebramsche.de\/?product=landhaus\"><span>01.<\/span>Landhaus<\/a><\/h6><div class=\"hmi-dec\"><\/div><span class=\"hero-menu-item-price\"><span class=\"woocommerce-Price-amount amount\"><bdi>17,20&nbsp;<span class=\"woocommerce-Price-currencySymbol\">&euro;<\/span><\/bdi><\/span><\/span><\/div><div class=\"hero-menu-item-details\"><p>Tomatenso\u00dfe,K\u00e4se, Kirschtomaten, ger\u00f6stete Waln\u00fcsse,\r\nRucola,Serranoschinken, mit Grana Padano bestreut<\/p><\/div><\/div><div class=\"hero-menu-item pizza\"><div class=\"hero-menu-item-title fl-wrap\"><h6><a href=\"https:\/\/www.riversidebramsche.de\/?product=sweet-serrano\"><span>02.<\/span>Sweet Serrano<\/a><\/h6><div class=\"hmi-dec\"><\/div><span class=\"hero-menu-item-price\"><span class=\"woocommerce-Price-amount amount\"><bdi>17,80&nbsp;<span class=\"woocommerce-Price-currencySymbol\">&euro;<\/span><\/bdi><\/span><\/span><\/div><div class=\"hero-menu-item-details\"><p>Tomatenso\u00dfe,K\u00e4se, Serranoschinken,Ziegenk\u00e4se, \r\nHonig-Mandel Vinaigrette &amp; frittierten Rucola garniert<\/p><\/div><\/div><div class=\"hero-menu-item pizza\"><div class=\"hero-menu-item-title fl-wrap\"><h6><a href=\"https:\/\/www.riversidebramsche.de\/?product=leider-geil\"><span>03.<\/span>Leider Geil<\/a><\/h6><div class=\"hmi-dec\"><\/div><span class=\"hero-menu-item-price\"><span class=\"woocommerce-Price-amount amount\"><bdi>16,70&nbsp;<span class=\"woocommerce-Price-currencySymbol\">&euro;<\/span><\/bdi><\/span><\/span><\/div><div class=\"hero-menu-item-details\"><p>Tomatenso\u00dfe,K\u00e4se,Rinderhackfleisch,\r\nChili-K\u00e4se-Dip &amp; feurigen Jalapenos<\/p><\/div><\/div><div class=\"hero-menu-item pizza\"><div class=\"hero-menu-item-title fl-wrap\"><h6><a href=\"https:\/\/www.riversidebramsche.de\/?product=bauernglueck\"><span>04.<\/span>Bauerngl\u00fcck<\/a><\/h6><div class=\"hmi-dec\"><\/div><span class=\"hero-menu-item-price\"><span class=\"woocommerce-Price-amount amount\"><bdi>17,80&nbsp;<span class=\"woocommerce-Price-currencySymbol\">&euro;<\/span><\/bdi><\/span><\/span><\/div><div class=\"hero-menu-item-details\"><p>K\u00e4se,Kartoffeln,Rinderhackfleisch, Lauchzwiebeln &amp;  \r\ngebackenes Ei auf Creme Fraiche <\/p><\/div><\/div><\/div><\/div><\/div><\/div><\/div><div class=\"clearfix\"><\/div><div class=\"fl-wrap text-align_left_rs\"><a href=\"http:\/\/webredox.net\/demo\/wp\/restabook\/light\/menu\/\" class=\"hero_btn\" target=\"_self\" rel=\"noopener noreferrer\" style=\"margin-left:30px;\">View Full Menu<i class=\"fal fa-long-arrow-right\"><\/i><\/a><a href=\"#\" class=\"pdf-link\" target=\"_self\" rel=\"noopener noreferrer\">Dowload PDF<\/a><\/div><\/div><\/div>[\/vc_column][\/vc_row][vc_row sec_animation_opt=&#8221;st4&#8243;][vc_column][vc_row_inner][vc_column_inner][wr_vc_servicces][wr_vc_servicce title=&#8221;Dein Event&#8221; sub_title=&#8221;Feier bei uns&#8221; number=&#8221;01&#8243; icon_class=&#8221;fal fa-fish&#8221; image=&#8221;752&#8243;]Ob Hochzeit, Geburtstag, Taufe, Firmenfeier oder sonstiges. Wir machen dein Event zu einem unvergesslichen Erlebnis.[\/wr_vc_servicce][wr_vc_servicce title=&#8221;Catering&#8221; sub_title=&#8221;Lieferung &amp; Abholung&#8221; number=&#8221;02&#8243; icon_class=&#8221;fal fa-carrot&#8221; image=&#8221;800&#8243;]Du planst ein Event und ben\u00f6tigst daf\u00fcr Speisen, die Eindruck hinterlassen? Wir k\u00fcmmern uns darum.[\/wr_vc_servicce][wr_vc_servicce title=&#8221;Buffet &amp; Riverroulette&#8221; sub_title=&#8221;Unsere Specials&#8221; number=&#8221;03&#8243; icon_class=&#8221;fal fa-utensils-alt&#8221; image=&#8221;801&#8243;]Jeden Samstag und Sonntag von 9 \u2013 12 Uhr bieten wir ein reichhaltiges Fr\u00fchst\u00fccksbuffet an und mit dem Riverroulette bekommst du mit Voranmeldung ab 15 Personen direkt zu dir an den Tisch.[\/wr_vc_servicce][\/wr_vc_servicces][wr_vc_button button_style=&#8221;st2&#8243; button_text=&#8221;Dein Event oder Catering anfragen&#8221; button_url=&#8221;https:\/\/www.riversidebramsche.de\/?page_id=779&#8243;][\/vc_column_inner][\/vc_row_inner][\/vc_column][\/vc_row][vc_row enable_container=&#8221;st2&#8243;][vc_column][wr_vc_title big_title=&#8221;Kundenbewertung&#8221; sub_title=&#8221;Was unsere G\u00e4ste \u00fcber uns sagen&#8221; text_align=&#8221;text-align_center&#8221;][wr_vc_testimonials][wr_vc_testimonial testimonial_number=&#8221;01&#8243; clientname=&#8221;Roland A.&#8221; testi_rating=&#8221;5&#8243; image=&#8221;729&#8243;]Service war sehr freundlich, aufmerksam und schnell. Die Location ist toll. Der Bereich direkt am Wasser, wie auch die Ausweichm\u00f6glichkeit (siehe Bild drei) sehen seht einladend aus[\/wr_vc_testimonial][wr_vc_testimonial testimonial_number=&#8221;02&#8243; clientname=&#8221;Petra S.&#8221; testi_rating=&#8221;5&#8243; image=&#8221;729&#8243;]Einfach alles super Service ,Ambiente und Essen, auch der Preis ist<br \/>\nakzeptabel f\u00fcr das was man da geboten bekommt.<br \/>\nVielen Dank f\u00fcr den sch\u00f6nen Abend mit meiner Cousine bei Euch, komme gerne wieder.[\/wr_vc_testimonial][wr_vc_testimonial testimonial_number=&#8221;03&#8243; clientname=&#8221;Martha K.&#8221; testi_rating=&#8221;5&#8243; image=&#8221;729&#8243;]Wer au\u00dfergew\u00f6hnliche Pizza Zusammenstellungen sucht ist hier genau richtig. Sehr lecker![\/wr_vc_testimonial][wr_vc_testimonial testimonial_number=&#8221;04&#8243; clientname=&#8221;Andre W.&#8221; testi_rating=&#8221;5&#8243; image=&#8221;729&#8243;]Ein sehr sch\u00f6nes und ansprechendes Lokal\/Restaurant. Schon beim reinkommen wird man freundlich begr\u00fc\u00dft und die Einrichtung l\u00e4dt zum bleiben ein. Die Bedienung ist sehr freundlich und flott. Die Speisen sind sehr lecker und mal was anderes. Die Einrichtung ist sehr jung gehalten und es gibt viele verschiedene M\u00f6glichkeiten zum sitzen und entspannen. Auch f\u00fcr Familien und Feierlichkeiten w\u00e4re dieses Lokal ideal.<br \/>\nDie Sanit\u00e4rr\u00e4ume waren sauber und in Ordnung.<br \/>\nWir werden gerne wieder kommen.[\/wr_vc_testimonial][wr_vc_testimonial testimonial_number=&#8221;04&#8243; clientname=&#8221;Coco N.&#8221; testi_rating=&#8221;5&#8243; image=&#8221;729&#8243;]Sehr sch\u00f6nes Lokal im Industrielook mit Parkpl\u00e4tzen direkt vor der T\u00fcr und einem riesen Spielplatz. Wir waren an einem Freitag dort und hatten zum Gl\u00fcck reserviert, da alle Pl\u00e4tze belegt waren. Trotz der vielen G\u00e4ste war das Personal sehr nett, schnell und hat sich auch f\u00fcr ein paar nette Worte noch Zeit genommen. Wir wurden direkt bedient und haben Getr\u00e4nke bestellt und kurz danach auch schon das Essen. Nach ca. 15 Minuten wurden unsere Pizzen auch dahin gebracht. Sie sahen nicht nur super aus, sondern haben auch k\u00f6stlich geschmeckt. Es gab au\u00dfergew\u00f6hnliche Gerichte und crazy Kombinationen. Wir waren begeistert und kommen ganz sicher wieder !<br \/>\nDie Sanit\u00e4rr\u00e4ume waren sauber und in Ordnung.<br \/>\nWir werden gerne wieder kommen.[\/wr_vc_testimonial][wr_vc_testimonial testimonial_number=&#8221;04&#8243; clientname=&#8221;Thomas M.&#8221; testi_rating=&#8221;5&#8243; image=&#8221;729&#8243;]Waren hier sch\u00f6n \u00f6fters, geh\u00f6rt absolut zu meinen Favoriten. Sehr gutes Essen und top Service. Hier f\u00fchlt man sich wohl und kommt gerne wieder[\/wr_vc_testimonial][wr_vc_testimonial testimonial_number=&#8221;04&#8243; clientname=&#8221;Riccarda&#8221; testi_rating=&#8221;5&#8243; image=&#8221;729&#8243;]Spontan auf ein sehr sch\u00f6nes Restaurant mit leckerem Essen getroffen! Personal war sehr freundlich. Zudem besa\u00df das Restaurant eine moderne Ausstattung, da man die Kellner und Kellnerinnen per Knopfdruck auf einen W\u00fcrfel zu sich rufen konnte. Auch nicht zu teuer f\u00fcr zwei Personen (ca. 40 Euro). Au\u00dferdem war die Location echt sch\u00f6n mit der Aussicht auf den Fluss. Deko im Innenbereich auch mal etwas anderes. Das hat mir sehr gut gefallen.<br \/>\nToiletten waren sauber und sogar mit kostenlosen Periodenprodukten ausgestattet.<br \/>\nDieses Restaurant hat sich schlagartig zu meinem Lieblingsrestaurant entwickelt, weil alles gestimmt hat. Ein wahrer Wohlf\u00fchlort!<br \/>\nDas war dort definitiv nicht das letzte mal.[\/wr_vc_testimonial][\/wr_vc_testimonials][\/vc_column][\/vc_row][vc_row][vc_column][\/vc_column][\/vc_row]\n<\/div>","protected":false},"excerpt":{"rendered":"<p>[vc_row section_id=&#8221;sec2&#8243; section_padding=&#8221;big-padding&#8221; sec_animation_opt=&#8221;st2&#8243;][vc_column width=&#8221;1\/2&#8243;][wr_vc_title big_title=&#8221;Willkommen im Riverside-Bramsche&#8221; sub_title=&#8221;Hallo, du!&#8221;][wr_vc_textblock button_text=&#8221;Zur Speisekarte&#8221; button_url=&#8221;http:\/\/webredox.net\/demo\/wp\/restabook\/light\/menu\/&#8221;]Unser Motto: Behandle Dein Gegen\u00fcber so, wie Du selbst auch behandelt werden willst. Daher bekommst Du bei uns frische Gerichte mit einer guten Qualit\u00e4t. Hausgemacht und mit Liebe zum Genuss kreiert. Wir m\u00f6gen es anders und ausgefallen. Darum sind unsere Pizzen eckig und..<\/p>\n","protected":false},"author":1,"featured_media":0,"parent":0,"menu_order":0,"comment_status":"closed","ping_status":"closed","template":"","meta":{"footnotes":"","_links_to":"","_links_to_target":""},"class_list":["post-232","page","type-page","status-publish","hentry"],"meta_box":[],"_links":{"self":[{"href":"https:\/\/www.riversidebramsche.de\/index.php?rest_route=\/wp\/v2\/pages\/232","targetHints":{"allow":["GET"]}}],"collection":[{"href":"https:\/\/www.riversidebramsche.de\/index.php?rest_route=\/wp\/v2\/pages"}],"about":[{"href":"https:\/\/www.riversidebramsche.de\/index.php?rest_route=\/wp\/v2\/types\/page"}],"author":[{"embeddable":true,"href":"https:\/\/www.riversidebramsche.de\/index.php?rest_route=\/wp\/v2\/users\/1"}],"replies":[{"embeddable":true,"href":"https:\/\/www.riversidebramsche.de\/index.php?rest_route=%2Fwp%2Fv2%2Fcomments&post=232"}],"version-history":[{"count":69,"href":"https:\/\/www.riversidebramsche.de\/index.php?rest_route=\/wp\/v2\/pages\/232\/revisions"}],"predecessor-version":[{"id":852,"href":"https:\/\/www.riversidebramsche.de\/index.php?rest_route=\/wp\/v2\/pages\/232\/revisions\/852"}],"wp:attachment":[{"href":"https:\/\/www.riversidebramsche.de\/index.php?rest_route=%2Fwp%2Fv2%2Fmedia&parent=232"}],"curies":[{"name":"wp","href":"https:\/\/api.w.org\/{rel}","templated":true}]}}